{"id":25,"date":"2019-12-03T10:36:34","date_gmt":"2019-12-03T07:36:34","guid":{"rendered":"https:\/\/www.fisketorpet.fi\/?page_id=25"},"modified":"2025-05-26T13:26:56","modified_gmt":"2025-05-26T10:26:56","slug":"camping","status":"publish","type":"page","link":"https:\/\/www.fisketorpet.fi\/en\/camping\/","title":{"rendered":"Camping"},"content":{"rendered":"<div data-elementor-type=\"wp-page\" data-elementor-id=\"25\" class=\"elementor elementor-25\">\n\t\t\t\t\t\t<section class=\"elementor-section elementor-top-section elementor-element elementor-element-8580157 elementor-section-boxed elementor-section-height-default elementor-section-height-default\" data-id=\"8580157\" data-element_type=\"section\">\n\t\t\t\t\t\t<div class=\"elementor-container elementor-column-gap-default\">\n\t\t\t\t\t<div class=\"elementor-column elementor-col-100 elementor-top-column elementor-element elementor-element-de56bb7\" data-id=\"de56bb7\" data-element_type=\"column\">\n\t\t\t<div class=\"elementor-widget-wrap elementor-element-populated\">\n\t\t\t\t\t\t<div class=\"elementor-element elementor-element-1f02a88 elementor-widget elementor-widget-image\" data-id=\"1f02a88\" data-element_type=\"widget\" data-widget_type=\"image.default\">\n\t\t\t\t<div class=\"elementor-widget-container\">\n\t\t\t\t\t\t\t\t\t\t\t\t\t\t\t<img fetchpriority=\"high\" decoding=\"async\" width=\"882\" height=\"575\" src=\"https:\/\/www.fisketorpet.fi\/wp-content\/uploads\/2019\/12\/camping01.jpg\" class=\"attachment-full size-full wp-image-126\" alt=\"\" srcset=\"https:\/\/www.fisketorpet.fi\/wp-content\/uploads\/2019\/12\/camping01.jpg 882w, https:\/\/www.fisketorpet.fi\/wp-content\/uploads\/2019\/12\/camping01-300x196.jpg 300w, https:\/\/www.fisketorpet.fi\/wp-content\/uploads\/2019\/12\/camping01-768x501.jpg 768w\" sizes=\"(max-width: 882px) 100vw, 882px\" \/>\t\t\t\t\t\t\t\t\t\t\t\t\t\t\t<\/div>\n\t\t\t\t<\/div>\n\t\t\t\t\t<\/div>\n\t\t<\/div>\n\t\t\t\t\t<\/div>\n\t\t<\/section>\n\t\t\t\t<section class=\"elementor-section elementor-top-section elementor-element elementor-element-cb641f5 elementor-section-boxed elementor-section-height-default elementor-section-height-default\" data-id=\"cb641f5\" data-element_type=\"section\">\n\t\t\t\t\t\t<div class=\"elementor-container elementor-column-gap-default\">\n\t\t\t\t\t<div class=\"elementor-column elementor-col-100 elementor-top-column elementor-element elementor-element-22048b8\" data-id=\"22048b8\" data-element_type=\"column\">\n\t\t\t<div class=\"elementor-widget-wrap elementor-element-populated\">\n\t\t\t\t\t\t<div class=\"elementor-element elementor-element-da0141e elementor-widget elementor-widget-image-gallery\" data-id=\"da0141e\" data-element_type=\"widget\" data-widget_type=\"image-gallery.default\">\n\t\t\t\t<div class=\"elementor-widget-container\">\n\t\t\t\t\t\t\t<div class=\"elementor-image-gallery\">\n\t\t\t<div id='gallery-1' class='gallery galleryid-25 gallery-columns-4 gallery-size-full'><figure class='gallery-item'>\n\t\t\t<div class='gallery-icon landscape'>\n\t\t\t\t<a data-elementor-open-lightbox=\"yes\" data-elementor-lightbox-slideshow=\"da0141e\" data-elementor-lightbox-title=\"IMG_0634\" data-e-action-hash=\"#elementor-action%3Aaction%3Dlightbox%26settings%3DeyJpZCI6MjExLCJ1cmwiOiJodHRwczpcL1wvd3d3LmZpc2tldG9ycGV0LmZpXC93cC1jb250ZW50XC91cGxvYWRzXC8yMDE5XC8xMlwvSU1HXzA2MzQuanBnIiwic2xpZGVzaG93IjoiZGEwMTQxZSJ9\" href='https:\/\/www.fisketorpet.fi\/wp-content\/uploads\/2019\/12\/IMG_0634.jpg'><img decoding=\"async\" width=\"800\" height=\"600\" src=\"https:\/\/www.fisketorpet.fi\/wp-content\/uploads\/2019\/12\/IMG_0634.jpg\" class=\"attachment-full size-full\" alt=\"\" srcset=\"https:\/\/www.fisketorpet.fi\/wp-content\/uploads\/2019\/12\/IMG_0634.jpg 800w, https:\/\/www.fisketorpet.fi\/wp-content\/uploads\/2019\/12\/IMG_0634-300x225.jpg 300w, https:\/\/www.fisketorpet.fi\/wp-content\/uploads\/2019\/12\/IMG_0634-768x576.jpg 768w\" sizes=\"(max-width: 800px) 100vw, 800px\" \/><\/a>\n\t\t\t<\/div><\/figure><figure class='gallery-item'>\n\t\t\t<div class='gallery-icon landscape'>\n\t\t\t\t<a data-elementor-open-lightbox=\"yes\" data-elementor-lightbox-slideshow=\"da0141e\" data-elementor-lightbox-title=\"IMG_0635\" data-e-action-hash=\"#elementor-action%3Aaction%3Dlightbox%26settings%3DeyJpZCI6MjEyLCJ1cmwiOiJodHRwczpcL1wvd3d3LmZpc2tldG9ycGV0LmZpXC93cC1jb250ZW50XC91cGxvYWRzXC8yMDE5XC8xMlwvSU1HXzA2MzUuanBnIiwic2xpZGVzaG93IjoiZGEwMTQxZSJ9\" href='https:\/\/www.fisketorpet.fi\/wp-content\/uploads\/2019\/12\/IMG_0635.jpg'><img decoding=\"async\" width=\"800\" height=\"600\" src=\"https:\/\/www.fisketorpet.fi\/wp-content\/uploads\/2019\/12\/IMG_0635.jpg\" class=\"attachment-full size-full\" alt=\"\" srcset=\"https:\/\/www.fisketorpet.fi\/wp-content\/uploads\/2019\/12\/IMG_0635.jpg 800w, https:\/\/www.fisketorpet.fi\/wp-content\/uploads\/2019\/12\/IMG_0635-300x225.jpg 300w, https:\/\/www.fisketorpet.fi\/wp-content\/uploads\/2019\/12\/IMG_0635-768x576.jpg 768w\" sizes=\"(max-width: 800px) 100vw, 800px\" \/><\/a>\n\t\t\t<\/div><\/figure><figure class='gallery-item'>\n\t\t\t<div class='gallery-icon landscape'>\n\t\t\t\t<a data-elementor-open-lightbox=\"yes\" data-elementor-lightbox-slideshow=\"da0141e\" data-elementor-lightbox-title=\"kajaakki\" data-e-action-hash=\"#elementor-action%3Aaction%3Dlightbox%26settings%3DeyJpZCI6MTY0OCwidXJsIjoiaHR0cHM6XC9cL3d3dy5maXNrZXRvcnBldC5maVwvd3AtY29udGVudFwvdXBsb2Fkc1wvMjAxOVwvMTBcL2thamFha2tpLmpwZyIsInNsaWRlc2hvdyI6ImRhMDE0MWUifQ%3D%3D\" href='https:\/\/www.fisketorpet.fi\/wp-content\/uploads\/2019\/10\/kajaakki.jpg'><img loading=\"lazy\" decoding=\"async\" width=\"800\" height=\"600\" src=\"https:\/\/www.fisketorpet.fi\/wp-content\/uploads\/2019\/10\/kajaakki.jpg\" class=\"attachment-full size-full\" alt=\"\" srcset=\"https:\/\/www.fisketorpet.fi\/wp-content\/uploads\/2019\/10\/kajaakki.jpg 800w, https:\/\/www.fisketorpet.fi\/wp-content\/uploads\/2019\/10\/kajaakki-300x225.jpg 300w, https:\/\/www.fisketorpet.fi\/wp-content\/uploads\/2019\/10\/kajaakki-768x576.jpg 768w\" sizes=\"(max-width: 800px) 100vw, 800px\" \/><\/a>\n\t\t\t<\/div><\/figure><figure class='gallery-item'>\n\t\t\t<div class='gallery-icon landscape'>\n\t\t\t\t<a data-elementor-open-lightbox=\"yes\" data-elementor-lightbox-slideshow=\"da0141e\" data-elementor-lightbox-title=\"moottorivene\" data-e-action-hash=\"#elementor-action%3Aaction%3Dlightbox%26settings%3DeyJpZCI6MTY1MSwidXJsIjoiaHR0cHM6XC9cL3d3dy5maXNrZXRvcnBldC5maVwvd3AtY29udGVudFwvdXBsb2Fkc1wvMjAxOVwvMTBcL21vb3R0b3JpdmVuZS5qcGciLCJzbGlkZXNob3ciOiJkYTAxNDFlIn0%3D\" href='https:\/\/www.fisketorpet.fi\/wp-content\/uploads\/2019\/10\/moottorivene.jpg'><img loading=\"lazy\" decoding=\"async\" width=\"800\" height=\"600\" src=\"https:\/\/www.fisketorpet.fi\/wp-content\/uploads\/2019\/10\/moottorivene.jpg\" class=\"attachment-full size-full\" alt=\"\" srcset=\"https:\/\/www.fisketorpet.fi\/wp-content\/uploads\/2019\/10\/moottorivene.jpg 800w, https:\/\/www.fisketorpet.fi\/wp-content\/uploads\/2019\/10\/moottorivene-300x225.jpg 300w, https:\/\/www.fisketorpet.fi\/wp-content\/uploads\/2019\/10\/moottorivene-768x576.jpg 768w\" sizes=\"(max-width: 800px) 100vw, 800px\" \/><\/a>\n\t\t\t<\/div><\/figure><figure class='gallery-item'>\n\t\t\t<div class='gallery-icon landscape'>\n\t\t\t\t<a data-elementor-open-lightbox=\"yes\" data-elementor-lightbox-slideshow=\"da0141e\" data-elementor-lightbox-title=\"IMG_2682\" data-e-action-hash=\"#elementor-action%3Aaction%3Dlightbox%26settings%3DeyJpZCI6MjE3LCJ1cmwiOiJodHRwczpcL1wvd3d3LmZpc2tldG9ycGV0LmZpXC93cC1jb250ZW50XC91cGxvYWRzXC8yMDE5XC8xMlwvSU1HXzI2ODIuanBnIiwic2xpZGVzaG93IjoiZGEwMTQxZSJ9\" href='https:\/\/www.fisketorpet.fi\/wp-content\/uploads\/2019\/12\/IMG_2682.jpg'><img loading=\"lazy\" decoding=\"async\" width=\"800\" height=\"600\" src=\"https:\/\/www.fisketorpet.fi\/wp-content\/uploads\/2019\/12\/IMG_2682.jpg\" class=\"attachment-full size-full\" alt=\"\" srcset=\"https:\/\/www.fisketorpet.fi\/wp-content\/uploads\/2019\/12\/IMG_2682.jpg 800w, https:\/\/www.fisketorpet.fi\/wp-content\/uploads\/2019\/12\/IMG_2682-300x225.jpg 300w, https:\/\/www.fisketorpet.fi\/wp-content\/uploads\/2019\/12\/IMG_2682-768x576.jpg 768w\" sizes=\"(max-width: 800px) 100vw, 800px\" \/><\/a>\n\t\t\t<\/div><\/figure><figure class='gallery-item'>\n\t\t\t<div class='gallery-icon landscape'>\n\t\t\t\t<a data-elementor-open-lightbox=\"yes\" data-elementor-lightbox-slideshow=\"da0141e\" data-elementor-lightbox-title=\"DJI_0062\" data-e-action-hash=\"#elementor-action%3Aaction%3Dlightbox%26settings%3DeyJpZCI6MjE4LCJ1cmwiOiJodHRwczpcL1wvd3d3LmZpc2tldG9ycGV0LmZpXC93cC1jb250ZW50XC91cGxvYWRzXC8yMDE5XC8xMlwvREpJXzAwNjIuanBnIiwic2xpZGVzaG93IjoiZGEwMTQxZSJ9\" href='https:\/\/www.fisketorpet.fi\/wp-content\/uploads\/2019\/12\/DJI_0062.jpg'><img loading=\"lazy\" decoding=\"async\" width=\"800\" height=\"600\" src=\"https:\/\/www.fisketorpet.fi\/wp-content\/uploads\/2019\/12\/DJI_0062.jpg\" class=\"attachment-full size-full\" alt=\"\" srcset=\"https:\/\/www.fisketorpet.fi\/wp-content\/uploads\/2019\/12\/DJI_0062.jpg 800w, https:\/\/www.fisketorpet.fi\/wp-content\/uploads\/2019\/12\/DJI_0062-300x225.jpg 300w, https:\/\/www.fisketorpet.fi\/wp-content\/uploads\/2019\/12\/DJI_0062-768x576.jpg 768w\" sizes=\"(max-width: 800px) 100vw, 800px\" \/><\/a>\n\t\t\t<\/div><\/figure><figure class='gallery-item'>\n\t\t\t<div class='gallery-icon landscape'>\n\t\t\t\t<a data-elementor-open-lightbox=\"yes\" data-elementor-lightbox-slideshow=\"da0141e\" data-elementor-lightbox-title=\"IMG_0604\" data-e-action-hash=\"#elementor-action%3Aaction%3Dlightbox%26settings%3DeyJpZCI6MjE5LCJ1cmwiOiJodHRwczpcL1wvd3d3LmZpc2tldG9ycGV0LmZpXC93cC1jb250ZW50XC91cGxvYWRzXC8yMDE5XC8xMlwvSU1HXzA2MDQuanBnIiwic2xpZGVzaG93IjoiZGEwMTQxZSJ9\" href='https:\/\/www.fisketorpet.fi\/wp-content\/uploads\/2019\/12\/IMG_0604.jpg'><img loading=\"lazy\" decoding=\"async\" width=\"800\" height=\"600\" src=\"https:\/\/www.fisketorpet.fi\/wp-content\/uploads\/2019\/12\/IMG_0604.jpg\" class=\"attachment-full size-full\" alt=\"\" srcset=\"https:\/\/www.fisketorpet.fi\/wp-content\/uploads\/2019\/12\/IMG_0604.jpg 800w, https:\/\/www.fisketorpet.fi\/wp-content\/uploads\/2019\/12\/IMG_0604-300x225.jpg 300w, https:\/\/www.fisketorpet.fi\/wp-content\/uploads\/2019\/12\/IMG_0604-768x576.jpg 768w\" sizes=\"(max-width: 800px) 100vw, 800px\" \/><\/a>\n\t\t\t<\/div><\/figure><figure class='gallery-item'>\n\t\t\t<div class='gallery-icon landscape'>\n\t\t\t\t<a data-elementor-open-lightbox=\"yes\" data-elementor-lightbox-slideshow=\"da0141e\" data-elementor-lightbox-title=\"IMG_0604\" data-e-action-hash=\"#elementor-action%3Aaction%3Dlightbox%26settings%3DeyJpZCI6MjI2LCJ1cmwiOiJodHRwczpcL1wvd3d3LmZpc2tldG9ycGV0LmZpXC93cC1jb250ZW50XC91cGxvYWRzXC8yMDE5XC8xMlwvREpJXzAwNDMuanBnIiwic2xpZGVzaG93IjoiZGEwMTQxZSJ9\" href='https:\/\/www.fisketorpet.fi\/wp-content\/uploads\/2019\/12\/DJI_0043.jpg'><img loading=\"lazy\" decoding=\"async\" width=\"801\" height=\"600\" src=\"https:\/\/www.fisketorpet.fi\/wp-content\/uploads\/2019\/12\/DJI_0043.jpg\" class=\"attachment-full size-full\" alt=\"\" srcset=\"https:\/\/www.fisketorpet.fi\/wp-content\/uploads\/2019\/12\/DJI_0043.jpg 801w, https:\/\/www.fisketorpet.fi\/wp-content\/uploads\/2019\/12\/DJI_0043-300x225.jpg 300w, https:\/\/www.fisketorpet.fi\/wp-content\/uploads\/2019\/12\/DJI_0043-768x575.jpg 768w\" sizes=\"(max-width: 801px) 100vw, 801px\" \/><\/a>\n\t\t\t<\/div><\/figure>\n\t\t<\/div>\n\t\t<\/div>\n\t\t\t\t\t\t<\/div>\n\t\t\t\t<\/div>\n\t\t\t\t<div class=\"elementor-element elementor-element-14f83de5 elementor-widget elementor-widget-text-editor\" data-id=\"14f83de5\" data-element_type=\"widget\" data-widget_type=\"text-editor.default\">\n\t\t\t\t<div class=\"elementor-widget-container\">\n\t\t\t\t\t\t\t\t\t<div><p>The camping area is just by the water, with a marvellous sea wiew. There are eight caravan sites in the area, six of which are electrified. Campers and pets are also welcome.<\/p><p>The camping area features a shower and toilet building, a kitchen, and a barbecue area. There are two swimming piers, two wood-heated lakeside saunas with showers, and a free Wi-Fi network available. For motorhomes, there is also a chemical toilet disposal facility.<\/p><p>Our restaurant also serves customers in the camping area.<\/p><p>You can also rent boats, out board engines, kayaks and bicycles.<\/p><p><span style=\"color: #000000; font-size: 28px;\">Price list<\/span><\/p><\/div><div><div>Camping car: 11\u20ac\/day + 8\u20ac\/person. Electricity 8\u20ac\/day<br \/>Caravan and car: 16\u20ac\/day + 8\u20ac\/person. Electricity 8\u20ac\/day<\/div><\/div><div>Tent place: 9\u20ac\/day + 8\u20ac\/person<br \/>Tent place with car: 12\u20ac\/day + 8\u20ac\/person<\/div><div>Pets: 3\u20ac\/day<\/div>\t\t\t\t\t\t\t\t<\/div>\n\t\t\t\t<\/div>\n\t\t\t\t\t<\/div>\n\t\t<\/div>\n\t\t\t\t\t<\/div>\n\t\t<\/section>\n\t\t\t\t<section class=\"elementor-section elementor-top-section elementor-element elementor-element-07989d3 elementor-section-boxed elementor-section-height-default elementor-section-height-default\" data-id=\"07989d3\" data-element_type=\"section\">\n\t\t\t\t\t\t<div class=\"elementor-container elementor-column-gap-default\">\n\t\t\t\t\t<div class=\"elementor-column elementor-col-100 elementor-top-column elementor-element elementor-element-80b397e\" data-id=\"80b397e\" data-element_type=\"column\">\n\t\t\t<div class=\"elementor-widget-wrap elementor-element-populated\">\n\t\t\t\t\t\t<div class=\"elementor-element elementor-element-6333bc8 elementor-widget elementor-widget-text-editor\" data-id=\"6333bc8\" data-element_type=\"widget\" data-widget_type=\"text-editor.default\">\n\t\t\t\t<div class=\"elementor-widget-container\">\n\t\t\t\t\t\t\t\t\t<p><a href=\"http:\/\/www.fisketorpet.fi\/alueilma\/alueilma.html\" target=\"_blank\" rel=\"noopener\">360 image of the area<\/a><\/p>\t\t\t\t\t\t\t\t<\/div>\n\t\t\t\t<\/div>\n\t\t\t\t\t<\/div>\n\t\t<\/div>\n\t\t\t\t\t<\/div>\n\t\t<\/section>\n\t\t\t\t<section class=\"elementor-section elementor-top-section elementor-element elementor-element-22a6392 elementor-section-boxed elementor-section-height-default elementor-section-height-default\" data-id=\"22a6392\" data-element_type=\"section\">\n\t\t\t\t\t\t<div class=\"elementor-container elementor-column-gap-default\">\n\t\t\t\t\t<div class=\"elementor-column elementor-col-100 elementor-top-column elementor-element elementor-element-1840311\" data-id=\"1840311\" data-element_type=\"column\">\n\t\t\t<div class=\"elementor-widget-wrap\">\n\t\t\t\t\t\t\t<\/div>\n\t\t<\/div>\n\t\t\t\t\t<\/div>\n\t\t<\/section>\n\t\t\t\t<section class=\"elementor-section elementor-top-section elementor-element elementor-element-c258849 elementor-section-boxed elementor-section-height-default elementor-section-height-default\" data-id=\"c258849\" data-element_type=\"section\">\n\t\t\t\t\t\t<div class=\"elementor-container elementor-column-gap-default\">\n\t\t\t\t\t<div class=\"elementor-column elementor-col-100 elementor-top-column elementor-element elementor-element-806ca40\" data-id=\"806ca40\" data-element_type=\"column\">\n\t\t\t<div class=\"elementor-widget-wrap elementor-element-populated\">\n\t\t\t\t\t\t<div class=\"elementor-element elementor-element-732621c elementor-widget elementor-widget-heading\" data-id=\"732621c\" data-element_type=\"widget\" data-widget_type=\"heading.default\">\n\t\t\t\t<div class=\"elementor-widget-container\">\n\t\t\t\t\t<h2 class=\"elementor-heading-title elementor-size-default\">Reservation<br><\/h2>\t\t\t\t<\/div>\n\t\t\t\t<\/div>\n\t\t\t\t\t<\/div>\n\t\t<\/div>\n\t\t\t\t\t<\/div>\n\t\t<\/section>\n\t\t\t\t<section class=\"elementor-section elementor-top-section elementor-element elementor-element-eb3fd3a elementor-section-boxed elementor-section-height-default elementor-section-height-default\" data-id=\"eb3fd3a\" data-element_type=\"section\">\n\t\t\t\t\t\t<div class=\"elementor-container elementor-column-gap-default\">\n\t\t\t\t\t<div class=\"elementor-column elementor-col-100 elementor-top-column elementor-element elementor-element-c30ca80\" data-id=\"c30ca80\" data-element_type=\"column\">\n\t\t\t<div class=\"elementor-widget-wrap elementor-element-populated\">\n\t\t\t\t\t\t<div class=\"elementor-element elementor-element-80257f4 elementor-widget elementor-widget-html\" data-id=\"80257f4\" data-element_type=\"widget\" data-widget_type=\"html.default\">\n\t\t\t\t<div class=\"elementor-widget-container\">\n\t\t\t\t\t<link href=\"https:\/\/fisketorpet.fi\/varaus\/core\/framework\/libs\/pj\/css\/pj.bootstrap.min.css\" type=\"text\/css\" rel=\"stylesheet\" \/>\n<link href=\"https:\/\/fisketorpet.fi\/varaus\/index.php?controller=pjFront&action=pjActionLoadCss&cid=1&theme=1\" type=\"text\/css\" rel=\"stylesheet\" \/>\n<script type=\"text\/javascript\" src=\"https:\/\/fisketorpet.fi\/varaus\/index.php?controller=pjFront&action=pjActionLoad&cid=1&theme=1\"><\/script>\t\t\t\t<\/div>\n\t\t\t\t<\/div>\n\t\t\t\t\t<\/div>\n\t\t<\/div>\n\t\t\t\t\t<\/div>\n\t\t<\/section>\n\t\t\t\t<\/div>","protected":false},"excerpt":{"rendered":"<p>Campingalue on rannalla, josta avautuu mahtava n\u00e4kym\u00e4 merelle ja kymmenille saarille. Alueella on yhteens\u00e4 kahdeksan caravanpaikkaa, joista kuusi on \u00a0s\u00e4hk\u00f6istettyj\u00e4. My\u00f6s telttailijat ovat tervetulleita. Lemmikit on sallittu. Campingalueella on suihku- ja wc-rakennus, keitti\u00f6 sek\u00e4 grillipaikka. Alueelta l\u00f6ytyy kaksi uimalaituria sek\u00e4 kaksi puul\u00e4mmitteist\u00e4, suihkullista rantasaunaa sek\u00e4 ilmainen WIFI-verkko. Matkailuautoille l\u00f6ytyy my\u00f6s kemsan tyhjennys-mahdollisuus Ravintolamme palvelee my\u00f6s [&hellip;]<\/p>","protected":false},"author":1,"featured_media":0,"parent":0,"menu_order":0,"comment_status":"closed","ping_status":"closed","template":"","meta":{"inline_featured_image":false,"footnotes":""},"class_list":["post-25","page","type-page","status-publish","hentry"],"_links":{"self":[{"href":"https:\/\/www.fisketorpet.fi\/en\/wp-json\/wp\/v2\/pages\/25","targetHints":{"allow":["GET"]}}],"collection":[{"href":"https:\/\/www.fisketorpet.fi\/en\/wp-json\/wp\/v2\/pages"}],"about":[{"href":"https:\/\/www.fisketorpet.fi\/en\/wp-json\/wp\/v2\/types\/page"}],"author":[{"embeddable":true,"href":"https:\/\/www.fisketorpet.fi\/en\/wp-json\/wp\/v2\/users\/1"}],"replies":[{"embeddable":true,"href":"https:\/\/www.fisketorpet.fi\/en\/wp-json\/wp\/v2\/comments?post=25"}],"version-history":[{"count":84,"href":"https:\/\/www.fisketorpet.fi\/en\/wp-json\/wp\/v2\/pages\/25\/revisions"}],"predecessor-version":[{"id":11317,"href":"https:\/\/www.fisketorpet.fi\/en\/wp-json\/wp\/v2\/pages\/25\/revisions\/11317"}],"wp:attachment":[{"href":"https:\/\/www.fisketorpet.fi\/en\/wp-json\/wp\/v2\/media?parent=25"}],"curies":[{"name":"wp","href":"https:\/\/api.w.org\/{rel}","templated":true}]}}