{"id":7039,"date":"2022-06-09T11:01:03","date_gmt":"2022-06-09T08:01:03","guid":{"rendered":"https:\/\/www.fisketorpet.fi\/?page_id=7039"},"modified":"2022-06-09T11:22:06","modified_gmt":"2022-06-09T08:22:06","slug":"sauna","status":"publish","type":"page","link":"https:\/\/www.fisketorpet.fi\/en\/sauna\/","title":{"rendered":"Sauna"},"content":{"rendered":"<div data-elementor-type=\"wp-page\" data-elementor-id=\"7039\" class=\"elementor elementor-7039\">\n\t\t\t\t\t\t<section class=\"elementor-section elementor-top-section elementor-element elementor-element-41997ea1 elementor-section-content-middle elementor-section-boxed elementor-section-height-default elementor-section-height-default\" data-id=\"41997ea1\" data-element_type=\"section\">\n\t\t\t\t\t\t<div class=\"elementor-container elementor-column-gap-no\">\n\t\t\t\t\t<div class=\"elementor-column elementor-col-100 elementor-top-column elementor-element elementor-element-35a767e0\" data-id=\"35a767e0\" data-element_type=\"column\">\n\t\t\t<div class=\"elementor-widget-wrap elementor-element-populated\">\n\t\t\t\t\t\t<div class=\"elementor-element elementor-element-78958463 elementor-widget elementor-widget-image\" data-id=\"78958463\" data-element_type=\"widget\" data-widget_type=\"image.default\">\n\t\t\t\t<div class=\"elementor-widget-container\">\n\t\t\t\t\t\t\t\t\t\t\t\t\t\t\t<img fetchpriority=\"high\" decoding=\"async\" width=\"1419\" height=\"656\" src=\"https:\/\/www.fisketorpet.fi\/wp-content\/uploads\/2022\/06\/IMG_20210511_211422.jpeg\" class=\"attachment-full size-full wp-image-7049\" alt=\"\" srcset=\"https:\/\/www.fisketorpet.fi\/wp-content\/uploads\/2022\/06\/IMG_20210511_211422.jpeg 1419w, https:\/\/www.fisketorpet.fi\/wp-content\/uploads\/2022\/06\/IMG_20210511_211422-300x139.jpeg 300w, https:\/\/www.fisketorpet.fi\/wp-content\/uploads\/2022\/06\/IMG_20210511_211422-1024x473.jpeg 1024w, https:\/\/www.fisketorpet.fi\/wp-content\/uploads\/2022\/06\/IMG_20210511_211422-768x355.jpeg 768w, https:\/\/www.fisketorpet.fi\/wp-content\/uploads\/2022\/06\/IMG_20210511_211422-18x8.jpeg 18w, https:\/\/www.fisketorpet.fi\/wp-content\/uploads\/2022\/06\/IMG_20210511_211422-892x412.jpeg 892w, https:\/\/www.fisketorpet.fi\/wp-content\/uploads\/2022\/06\/IMG_20210511_211422-1350x624.jpeg 1350w\" sizes=\"(max-width: 1419px) 100vw, 1419px\" \/>\t\t\t\t\t\t\t\t\t\t\t\t\t\t\t<\/div>\n\t\t\t\t<\/div>\n\t\t\t\t\t<\/div>\n\t\t<\/div>\n\t\t\t\t\t<\/div>\n\t\t<\/section>\n\t\t\t\t<section class=\"elementor-section elementor-top-section elementor-element elementor-element-e4573ac elementor-section-boxed elementor-section-height-default elementor-section-height-default\" data-id=\"e4573ac\" data-element_type=\"section\">\n\t\t\t\t\t\t<div class=\"elementor-container elementor-column-gap-default\">\n\t\t\t\t\t<div class=\"elementor-column elementor-col-100 elementor-top-column elementor-element elementor-element-1fbf66fd\" data-id=\"1fbf66fd\" data-element_type=\"column\">\n\t\t\t<div class=\"elementor-widget-wrap elementor-element-populated\">\n\t\t\t\t\t\t<div class=\"elementor-element elementor-element-7d1e6f4d elementor-widget elementor-widget-image-gallery\" data-id=\"7d1e6f4d\" data-element_type=\"widget\" data-widget_type=\"image-gallery.default\">\n\t\t\t\t<div class=\"elementor-widget-container\">\n\t\t\t\t\t\t\t<div class=\"elementor-image-gallery\">\n\t\t\t<div id='gallery-1' class='gallery galleryid-7039 gallery-columns-6 gallery-size-full'><figure class='gallery-item'>\n\t\t\t<div class='gallery-icon landscape'>\n\t\t\t\t<a data-elementor-open-lightbox=\"yes\" data-elementor-lightbox-slideshow=\"7d1e6f4d\" data-elementor-lightbox-title=\"IMG_20210417_153410\" data-e-action-hash=\"#elementor-action%3Aaction%3Dlightbox%26settings%3DeyJpZCI6NzA0NywidXJsIjoiaHR0cHM6XC9cL3d3dy5maXNrZXRvcnBldC5maVwvd3AtY29udGVudFwvdXBsb2Fkc1wvMjAyMlwvMDZcL0lNR18yMDIxMDQxN18xNTM0MTAuanBlZyIsInNsaWRlc2hvdyI6IjdkMWU2ZjRkIn0%3D\" href='https:\/\/www.fisketorpet.fi\/wp-content\/uploads\/2022\/06\/IMG_20210417_153410.jpeg'><img decoding=\"async\" width=\"800\" height=\"600\" src=\"https:\/\/www.fisketorpet.fi\/wp-content\/uploads\/2022\/06\/IMG_20210417_153410.jpeg\" class=\"attachment-full size-full\" alt=\"\" srcset=\"https:\/\/www.fisketorpet.fi\/wp-content\/uploads\/2022\/06\/IMG_20210417_153410.jpeg 800w, https:\/\/www.fisketorpet.fi\/wp-content\/uploads\/2022\/06\/IMG_20210417_153410-300x225.jpeg 300w, https:\/\/www.fisketorpet.fi\/wp-content\/uploads\/2022\/06\/IMG_20210417_153410-768x576.jpeg 768w, https:\/\/www.fisketorpet.fi\/wp-content\/uploads\/2022\/06\/IMG_20210417_153410-16x12.jpeg 16w\" sizes=\"(max-width: 800px) 100vw, 800px\" \/><\/a>\n\t\t\t<\/div><\/figure><figure class='gallery-item'>\n\t\t\t<div class='gallery-icon landscape'>\n\t\t\t\t<a data-elementor-open-lightbox=\"yes\" data-elementor-lightbox-slideshow=\"7d1e6f4d\" data-elementor-lightbox-title=\"IMG_0608\" data-e-action-hash=\"#elementor-action%3Aaction%3Dlightbox%26settings%3DeyJpZCI6NzA0MiwidXJsIjoiaHR0cHM6XC9cL3d3dy5maXNrZXRvcnBldC5maVwvd3AtY29udGVudFwvdXBsb2Fkc1wvMjAyMlwvMDZcL0lNR18wNjA4LmpwZWciLCJzbGlkZXNob3ciOiI3ZDFlNmY0ZCJ9\" href='https:\/\/www.fisketorpet.fi\/wp-content\/uploads\/2022\/06\/IMG_0608.jpeg'><img decoding=\"async\" width=\"800\" height=\"600\" src=\"https:\/\/www.fisketorpet.fi\/wp-content\/uploads\/2022\/06\/IMG_0608.jpeg\" class=\"attachment-full size-full\" alt=\"\" srcset=\"https:\/\/www.fisketorpet.fi\/wp-content\/uploads\/2022\/06\/IMG_0608.jpeg 800w, https:\/\/www.fisketorpet.fi\/wp-content\/uploads\/2022\/06\/IMG_0608-300x225.jpeg 300w, https:\/\/www.fisketorpet.fi\/wp-content\/uploads\/2022\/06\/IMG_0608-768x576.jpeg 768w, https:\/\/www.fisketorpet.fi\/wp-content\/uploads\/2022\/06\/IMG_0608-16x12.jpeg 16w\" sizes=\"(max-width: 800px) 100vw, 800px\" \/><\/a>\n\t\t\t<\/div><\/figure><figure class='gallery-item'>\n\t\t\t<div class='gallery-icon landscape'>\n\t\t\t\t<a data-elementor-open-lightbox=\"yes\" data-elementor-lightbox-slideshow=\"7d1e6f4d\" data-elementor-lightbox-title=\"IMG_0629\" data-e-action-hash=\"#elementor-action%3Aaction%3Dlightbox%26settings%3DeyJpZCI6NzA0NCwidXJsIjoiaHR0cHM6XC9cL3d3dy5maXNrZXRvcnBldC5maVwvd3AtY29udGVudFwvdXBsb2Fkc1wvMjAyMlwvMDZcL0lNR18wNjI5LmpwZWciLCJzbGlkZXNob3ciOiI3ZDFlNmY0ZCJ9\" href='https:\/\/www.fisketorpet.fi\/wp-content\/uploads\/2022\/06\/IMG_0629.jpeg'><img loading=\"lazy\" decoding=\"async\" width=\"800\" height=\"600\" src=\"https:\/\/www.fisketorpet.fi\/wp-content\/uploads\/2022\/06\/IMG_0629.jpeg\" class=\"attachment-full size-full\" alt=\"\" srcset=\"https:\/\/www.fisketorpet.fi\/wp-content\/uploads\/2022\/06\/IMG_0629.jpeg 800w, https:\/\/www.fisketorpet.fi\/wp-content\/uploads\/2022\/06\/IMG_0629-300x225.jpeg 300w, https:\/\/www.fisketorpet.fi\/wp-content\/uploads\/2022\/06\/IMG_0629-768x576.jpeg 768w, https:\/\/www.fisketorpet.fi\/wp-content\/uploads\/2022\/06\/IMG_0629-16x12.jpeg 16w\" sizes=\"(max-width: 800px) 100vw, 800px\" \/><\/a>\n\t\t\t<\/div><\/figure><figure class='gallery-item'>\n\t\t\t<div class='gallery-icon landscape'>\n\t\t\t\t<a data-elementor-open-lightbox=\"yes\" data-elementor-lightbox-slideshow=\"7d1e6f4d\" data-elementor-lightbox-title=\"IMG_0604\" data-e-action-hash=\"#elementor-action%3Aaction%3Dlightbox%26settings%3DeyJpZCI6NzA0MCwidXJsIjoiaHR0cHM6XC9cL3d3dy5maXNrZXRvcnBldC5maVwvd3AtY29udGVudFwvdXBsb2Fkc1wvMjAyMlwvMDZcL0lNR18wNjA0LmpwZWciLCJzbGlkZXNob3ciOiI3ZDFlNmY0ZCJ9\" href='https:\/\/www.fisketorpet.fi\/wp-content\/uploads\/2022\/06\/IMG_0604.jpeg'><img loading=\"lazy\" decoding=\"async\" width=\"800\" height=\"600\" src=\"https:\/\/www.fisketorpet.fi\/wp-content\/uploads\/2022\/06\/IMG_0604.jpeg\" class=\"attachment-full size-full\" alt=\"\" srcset=\"https:\/\/www.fisketorpet.fi\/wp-content\/uploads\/2022\/06\/IMG_0604.jpeg 800w, https:\/\/www.fisketorpet.fi\/wp-content\/uploads\/2022\/06\/IMG_0604-300x225.jpeg 300w, https:\/\/www.fisketorpet.fi\/wp-content\/uploads\/2022\/06\/IMG_0604-768x576.jpeg 768w, https:\/\/www.fisketorpet.fi\/wp-content\/uploads\/2022\/06\/IMG_0604-16x12.jpeg 16w\" sizes=\"(max-width: 800px) 100vw, 800px\" \/><\/a>\n\t\t\t<\/div><\/figure><figure class='gallery-item'>\n\t\t\t<div class='gallery-icon landscape'>\n\t\t\t\t<a data-elementor-open-lightbox=\"yes\" data-elementor-lightbox-slideshow=\"7d1e6f4d\" data-elementor-lightbox-title=\"IMG_20200826_201352\" data-e-action-hash=\"#elementor-action%3Aaction%3Dlightbox%26settings%3DeyJpZCI6NzA0NiwidXJsIjoiaHR0cHM6XC9cL3d3dy5maXNrZXRvcnBldC5maVwvd3AtY29udGVudFwvdXBsb2Fkc1wvMjAyMlwvMDZcL0lNR18yMDIwMDgyNl8yMDEzNTIuanBlZyIsInNsaWRlc2hvdyI6IjdkMWU2ZjRkIn0%3D\" href='https:\/\/www.fisketorpet.fi\/wp-content\/uploads\/2022\/06\/IMG_20200826_201352.jpeg'><img loading=\"lazy\" decoding=\"async\" width=\"800\" height=\"600\" src=\"https:\/\/www.fisketorpet.fi\/wp-content\/uploads\/2022\/06\/IMG_20200826_201352.jpeg\" class=\"attachment-full size-full\" alt=\"\" srcset=\"https:\/\/www.fisketorpet.fi\/wp-content\/uploads\/2022\/06\/IMG_20200826_201352.jpeg 800w, https:\/\/www.fisketorpet.fi\/wp-content\/uploads\/2022\/06\/IMG_20200826_201352-300x225.jpeg 300w, https:\/\/www.fisketorpet.fi\/wp-content\/uploads\/2022\/06\/IMG_20200826_201352-768x576.jpeg 768w, https:\/\/www.fisketorpet.fi\/wp-content\/uploads\/2022\/06\/IMG_20200826_201352-16x12.jpeg 16w\" sizes=\"(max-width: 800px) 100vw, 800px\" \/><\/a>\n\t\t\t<\/div><\/figure><figure class='gallery-item'>\n\t\t\t<div class='gallery-icon landscape'>\n\t\t\t\t<a data-elementor-open-lightbox=\"yes\" data-elementor-lightbox-slideshow=\"7d1e6f4d\" data-elementor-lightbox-title=\"IMG_0606\" data-e-action-hash=\"#elementor-action%3Aaction%3Dlightbox%26settings%3DeyJpZCI6NzA0MSwidXJsIjoiaHR0cHM6XC9cL3d3dy5maXNrZXRvcnBldC5maVwvd3AtY29udGVudFwvdXBsb2Fkc1wvMjAyMlwvMDZcL0lNR18wNjA2LmpwZWciLCJzbGlkZXNob3ciOiI3ZDFlNmY0ZCJ9\" href='https:\/\/www.fisketorpet.fi\/wp-content\/uploads\/2022\/06\/IMG_0606.jpeg'><img loading=\"lazy\" decoding=\"async\" width=\"800\" height=\"600\" src=\"https:\/\/www.fisketorpet.fi\/wp-content\/uploads\/2022\/06\/IMG_0606.jpeg\" class=\"attachment-full size-full\" alt=\"\" srcset=\"https:\/\/www.fisketorpet.fi\/wp-content\/uploads\/2022\/06\/IMG_0606.jpeg 800w, https:\/\/www.fisketorpet.fi\/wp-content\/uploads\/2022\/06\/IMG_0606-300x225.jpeg 300w, https:\/\/www.fisketorpet.fi\/wp-content\/uploads\/2022\/06\/IMG_0606-768x576.jpeg 768w, https:\/\/www.fisketorpet.fi\/wp-content\/uploads\/2022\/06\/IMG_0606-16x12.jpeg 16w\" sizes=\"(max-width: 800px) 100vw, 800px\" \/><\/a>\n\t\t\t<\/div><\/figure>\n\t\t<\/div>\n\t\t<\/div>\n\t\t\t\t\t\t<\/div>\n\t\t\t\t<\/div>\n\t\t\t\t\t<\/div>\n\t\t<\/div>\n\t\t\t\t\t<\/div>\n\t\t<\/section>\n\t\t\t\t<section class=\"elementor-section elementor-top-section elementor-element elementor-element-255140ea elementor-section-boxed elementor-section-height-default elementor-section-height-default\" data-id=\"255140ea\" data-element_type=\"section\">\n\t\t\t\t\t\t<div class=\"elementor-container elementor-column-gap-default\">\n\t\t\t\t\t<div class=\"elementor-column elementor-col-100 elementor-top-column elementor-element elementor-element-4ad5ca9d\" data-id=\"4ad5ca9d\" data-element_type=\"column\">\n\t\t\t<div class=\"elementor-widget-wrap elementor-element-populated\">\n\t\t\t\t\t\t<div class=\"elementor-element elementor-element-1056d3a6 elementor-widget elementor-widget-text-editor\" data-id=\"1056d3a6\" data-element_type=\"widget\" data-widget_type=\"text-editor.default\">\n\t\t\t\t<div class=\"elementor-widget-container\">\n\t\t\t\t\t\t\t\t\tThere are two wood-heated beach saunas in the area with stunning views. Each can accommodate a maximum of six people at a time. Both saunas have a shower. The sea is right next door, so you can easily swim.\n\nSaunas cannot be booked in advance, but free sauna shifts can be requested at the time of registration in the area. The saunas are heated according to demand.\n\t\t\t\t\t\t\t\t<\/div>\n\t\t\t\t<\/div>\n\t\t\t\t\t<\/div>\n\t\t<\/div>\n\t\t\t\t\t<\/div>\n\t\t<\/section>\n\t\t\t\t<section class=\"elementor-section elementor-top-section elementor-element elementor-element-68576ac elementor-section-boxed elementor-section-height-default elementor-section-height-default\" data-id=\"68576ac\" data-element_type=\"section\">\n\t\t\t\t\t\t<div class=\"elementor-container elementor-column-gap-default\">\n\t\t\t\t\t<div class=\"elementor-column elementor-col-50 elementor-top-column elementor-element elementor-element-e57c96d\" data-id=\"e57c96d\" data-element_type=\"column\">\n\t\t\t<div class=\"elementor-widget-wrap elementor-element-populated\">\n\t\t\t\t\t\t<div class=\"elementor-element elementor-element-e23e39d elementor-widget elementor-widget-text-editor\" data-id=\"e23e39d\" data-element_type=\"widget\" data-widget_type=\"text-editor.default\">\n\t\t\t\t<div class=\"elementor-widget-container\">\n\t\t\t\t\t\t\t\t\t<h3>Price list<\/h3>\n1-2 people: 20 euros \/ hour<br>\n3-4 people: 25 euros \/ hour<br>\n5-6 people: 30 euros \/ hour<br>\t\t\t\t\t\t\t\t<\/div>\n\t\t\t\t<\/div>\n\t\t\t\t\t<\/div>\n\t\t<\/div>\n\t\t\t\t<div class=\"elementor-column elementor-col-50 elementor-top-column elementor-element elementor-element-ce056c8\" data-id=\"ce056c8\" data-element_type=\"column\">\n\t\t\t<div class=\"elementor-widget-wrap elementor-element-populated\">\n\t\t\t\t\t\t<div class=\"elementor-element elementor-element-8f7cb76 elementor-widget elementor-widget-image\" data-id=\"8f7cb76\" data-element_type=\"widget\" data-widget_type=\"image.default\">\n\t\t\t\t<div class=\"elementor-widget-container\">\n\t\t\t\t\t\t\t\t\t\t\t\t\t\t\t<img loading=\"lazy\" decoding=\"async\" width=\"225\" height=\"300\" src=\"https:\/\/www.fisketorpet.fi\/wp-content\/uploads\/2022\/06\/IMG_20210417_183256-225x300.jpeg\" class=\"attachment-medium size-medium wp-image-7048\" alt=\"\" srcset=\"https:\/\/www.fisketorpet.fi\/wp-content\/uploads\/2022\/06\/IMG_20210417_183256-225x300.jpeg 225w, https:\/\/www.fisketorpet.fi\/wp-content\/uploads\/2022\/06\/IMG_20210417_183256-9x12.jpeg 9w, https:\/\/www.fisketorpet.fi\/wp-content\/uploads\/2022\/06\/IMG_20210417_183256.jpeg 600w\" sizes=\"(max-width: 225px) 100vw, 225px\" \/>\t\t\t\t\t\t\t\t\t\t\t\t\t\t\t<\/div>\n\t\t\t\t<\/div>\n\t\t\t\t\t<\/div>\n\t\t<\/div>\n\t\t\t\t\t<\/div>\n\t\t<\/section>\n\t\t\t\t<\/div>","protected":false},"excerpt":{"rendered":"<p>Alueella on kaksi puul\u00e4mmitteist\u00e4\u00a0 rantasaunaa upeissa maisemissa. Kumpaankin mahtuu yht\u00e4 aikaa saunomaan maksimissaan kuusi henke\u00e4 kerrallaan. Kummassakin saunassa on suihku. Meri on aivan vieress\u00e4 eli uimaan p\u00e4\u00e4see helposti. Saunoja ei voi varata ennakkoon, vaan vapaita saunavuoroja voi kysy\u00e4 samalla kun ilmoittautuu alueella. Saunoja l\u00e4mmitet\u00e4\u00e4n kysynn\u00e4n mukaan. Hinnasto 1-2 henkil\u00f6: 20 euroa \/ tunti 3-4 henkil\u00f6\u00e4: [&hellip;]<\/p>","protected":false},"author":2,"featured_media":0,"parent":0,"menu_order":0,"comment_status":"closed","ping_status":"closed","template":"","meta":{"inline_featured_image":false,"footnotes":""},"class_list":["post-7039","page","type-page","status-publish","hentry"],"_links":{"self":[{"href":"https:\/\/www.fisketorpet.fi\/en\/wp-json\/wp\/v2\/pages\/7039","targetHints":{"allow":["GET"]}}],"collection":[{"href":"https:\/\/www.fisketorpet.fi\/en\/wp-json\/wp\/v2\/pages"}],"about":[{"href":"https:\/\/www.fisketorpet.fi\/en\/wp-json\/wp\/v2\/types\/page"}],"author":[{"embeddable":true,"href":"https:\/\/www.fisketorpet.fi\/en\/wp-json\/wp\/v2\/users\/2"}],"replies":[{"embeddable":true,"href":"https:\/\/www.fisketorpet.fi\/en\/wp-json\/wp\/v2\/comments?post=7039"}],"version-history":[{"count":7,"href":"https:\/\/www.fisketorpet.fi\/en\/wp-json\/wp\/v2\/pages\/7039\/revisions"}],"predecessor-version":[{"id":7059,"href":"https:\/\/www.fisketorpet.fi\/en\/wp-json\/wp\/v2\/pages\/7039\/revisions\/7059"}],"wp:attachment":[{"href":"https:\/\/www.fisketorpet.fi\/en\/wp-json\/wp\/v2\/media?parent=7039"}],"curies":[{"name":"wp","href":"https:\/\/api.w.org\/{rel}","templated":true}]}}