{"id":1269,"date":"2019-10-10T14:19:16","date_gmt":"2019-10-10T14:19:16","guid":{"rendered":"https:\/\/themes.getmotopress.com\/booklium-bed-and-breakfast\/?page_id=1269"},"modified":"2021-02-16T16:53:52","modified_gmt":"2021-02-16T13:53:52","slug":"terms-conditions","status":"publish","type":"page","link":"https:\/\/www.fisketorpet.fi\/fi\/terms-conditions\/","title":{"rendered":"Varausehdot"},"content":{"rendered":"\n<h2 class=\"wp-block-heading\">Peruutusehdot:<\/h2>\n\n\n\n<p>\u2013 yksi m\u00f6kki ja varauksen kesto 1-2 vrk, peruutus teht\u00e4v\u00e4 viimeist\u00e4\u00e4n 48 h ennen varauksen alkua<br>\u2013 useampi m\u00f6kki varattuna tai yksi m\u00f6kkivaraus jonka kesto v\u00e4hint\u00e4\u00e4n 3 vrk, peruutus teht\u00e4v\u00e4 viimeist\u00e4\u00e4n viikkoa ennen varauksen alkua<br>T\u00e4m\u00e4n j\u00e4lkeen laskutamme varauksen t\u00e4ysim\u00e4\u00e4r\u00e4isesti.<\/p>\n\n\n\n<h2 class=\"wp-block-heading\">M\u00f6kkiehdot:<\/h2>\n\n\n\n<p>M\u00f6kkiin voi kirjautua klo 14-21. Ilmoita mik\u00e4li tulet my\u00f6hemmin.<br>M\u00f6kin luovutus klo 12 menness\u00e4.<br>Alueella hiljaisuus klo 23-06. Turhaa ajamista alueella on v\u00e4ltett\u00e4v\u00e4 t\u00e4m\u00e4n aikana.<\/p>\n\n\n\n<p>Kaikki m\u00f6kit ovat savuttomia. V\u00e4lt\u00e4 tupakantumppien heitt\u00e4mist\u00e4 maahan.<\/p>\n\n\n\n<p>M\u00f6kkihintaan ei sis\u00e4lly liinavaatteita eik\u00e4 pyyheliinoja, mutta edellyt\u00e4mme lakanoiden (alus- ja pussilakana, tyynyliina) k\u00e4ytt\u00f6\u00e4, tai makuupussia ja tyynyliinaa. Ota omat lakanat mukaan tai vuokraa meilt\u00e4 ennakkoon:<br>\u2013 Lakana-\/pyyhesetti: 12\u20ac\/hl\u00f6<br>Pesemme kaikki lakanat\/pyyhkeet itse paikan p\u00e4\u00e4ll\u00e4 ja ne kuivataan ulkona raikkaassa ilmassa.<\/p>\n\n\n\n<p>M\u00f6kin edellytet\u00e4\u00e4n asiakkaan l\u00e4htiess\u00e4 olevan normaalin asumisen j\u00e4ljilt\u00e4: huonekalut ja tavarat alkuper\u00e4isille paikoilleen ja ehjin\u00e4, tyhjien pullojen poiskuljetus, j\u00e4tteet on lajiteltu ja viety lajittelupisteelle. Tyhjenn\u00e4th\u00e4n my\u00f6s j\u00e4\u00e4kaapin ja viet tuomasi ruokatarvikkeet mukanasi pois tai roskikseen. Mik\u00e4li olet tilannut liinavaatteet, j\u00e4tet\u00e4\u00e4n ne pinossa s\u00e4ngyn p\u00e4\u00e4lle, peitto ja tyyny pinossa.<br>Pid\u00e4t\u00e4mme oikeuden l\u00e4hett\u00e4\u00e4 siivouslaskun mik\u00e4li m\u00f6kki on j\u00e4tetty huonoon kuntoon.<br>Alueella j\u00e4tteiden lajittelupiste (lasi, muovi, metalli, pahvi, polttoj\u00e4te). Toivomme ett\u00e4 kaikki asiakkaamme lajittelevat j\u00e4tteens\u00e4 ja viev\u00e4t pisteelle.<\/p>\n\n\n\n<p>Avotulen teko m\u00f6kkitontilla tai alueella on kielletty. Pallo- tai muuta omaa grilli\u00e4 saa k\u00e4ytt\u00e4\u00e4 omalla vastuulla ja huolellisesti ottaen huomioon yleiset palovaroitukset!<\/p>\n\n\n\n<p>M\u00f6kin suurin sallittu henkil\u00f6m\u00e4\u00e4r\u00e4 on sama kuin m\u00f6kin vuoteiden m\u00e4\u00e4r\u00e4. Henkil\u00f6m\u00e4\u00e4r\u00e4 on ilmoitettava varausta teht\u00e4ess\u00e4.<br>Mahdolliset satunnaiset vieraat m\u00f6kiss\u00e4 ovat asiakkaan omalla vastuulla ja n\u00e4iden tulee poistua m\u00f6kist\u00e4 klo 21 menness\u00e4.<\/p>\n\n\n\n<h2 class=\"wp-block-heading\">Lemmikit<\/h2>\n\n\n\n<p>Lemmikit ovat tervetulleita alueelle. Lemmikkiel\u00e4inten tuonnista m\u00f6kkiin on ilmoitettava etuk\u00e4teen, mielell\u00e4\u00e4n vain yksi lemmikki\/m\u00f6kki.<br>Lemmikit pidett\u00e4v\u00e4 lattialla. Ilmoita meille jos jotain on mennyt rikki tai jotain muuta on tapahunut. Lemmikin j\u00e4tteet poimittava pois, lemmikit pidett\u00e4v\u00e4\u00e4 kiinni ulkona ja t\u00e4rke\u00e4t\u00e4 muistaa ottaa huomioon muut vieraat.<\/p>\n\n\n\n<p><\/p>\n","protected":false},"excerpt":{"rendered":"<p>Peruutusehdot: \u2013 yksi m\u00f6kki ja varauksen kesto 1-2 vrk, peruutus teht\u00e4v\u00e4 viimeist\u00e4\u00e4n 48 h ennen varauksen alkua\u2013 useampi m\u00f6kki varattuna tai yksi m\u00f6kkivaraus jonka kesto v\u00e4hint\u00e4\u00e4n 3 vrk, peruutus teht\u00e4v\u00e4 viimeist\u00e4\u00e4n viikkoa ennen varauksen alkuaT\u00e4m\u00e4n j\u00e4lkeen laskutamme varauksen t\u00e4ysim\u00e4\u00e4r\u00e4isesti. M\u00f6kkiehdot: M\u00f6kkiin voi kirjautua klo 14-21. Ilmoita mik\u00e4li tulet my\u00f6hemmin.M\u00f6kin luovutus klo 12 menness\u00e4.Alueella hiljaisuus klo [&hellip;]<\/p>\n","protected":false},"author":1,"featured_media":0,"parent":0,"menu_order":0,"comment_status":"closed","ping_status":"closed","template":"","meta":{"inline_featured_image":false,"footnotes":""},"class_list":["post-1269","page","type-page","status-publish","hentry"],"_links":{"self":[{"href":"https:\/\/www.fisketorpet.fi\/fi\/wp-json\/wp\/v2\/pages\/1269","targetHints":{"allow":["GET"]}}],"collection":[{"href":"https:\/\/www.fisketorpet.fi\/fi\/wp-json\/wp\/v2\/pages"}],"about":[{"href":"https:\/\/www.fisketorpet.fi\/fi\/wp-json\/wp\/v2\/types\/page"}],"author":[{"embeddable":true,"href":"https:\/\/www.fisketorpet.fi\/fi\/wp-json\/wp\/v2\/users\/1"}],"replies":[{"embeddable":true,"href":"https:\/\/www.fisketorpet.fi\/fi\/wp-json\/wp\/v2\/comments?post=1269"}],"version-history":[{"count":3,"href":"https:\/\/www.fisketorpet.fi\/fi\/wp-json\/wp\/v2\/pages\/1269\/revisions"}],"predecessor-version":[{"id":3419,"href":"https:\/\/www.fisketorpet.fi\/fi\/wp-json\/wp\/v2\/pages\/1269\/revisions\/3419"}],"wp:attachment":[{"href":"https:\/\/www.fisketorpet.fi\/fi\/wp-json\/wp\/v2\/media?parent=1269"}],"curies":[{"name":"wp","href":"https:\/\/api.w.org\/{rel}","templated":true}]}}