{"id":34,"date":"2019-12-03T10:37:34","date_gmt":"2019-12-03T08:37:34","guid":{"rendered":"https:\/\/www.fisketorpet.fi\/?page_id=34"},"modified":"2025-05-26T13:24:38","modified_gmt":"2025-05-26T10:24:38","slug":"kalastus","status":"publish","type":"page","link":"https:\/\/www.fisketorpet.fi\/fi\/kalastus\/","title":{"rendered":"Kalastus"},"content":{"rendered":"\t\t<div data-elementor-type=\"wp-page\" data-elementor-id=\"34\" class=\"elementor elementor-34\">\n\t\t\t\t\t\t<section class=\"elementor-section elementor-top-section elementor-element elementor-element-8fee9e3 elementor-section-boxed elementor-section-height-default elementor-section-height-default\" data-id=\"8fee9e3\" data-element_type=\"section\">\n\t\t\t\t\t\t<div class=\"elementor-container elementor-column-gap-default\">\n\t\t\t\t\t<div class=\"elementor-column elementor-col-50 elementor-top-column elementor-element elementor-element-f51bb59\" data-id=\"f51bb59\" data-element_type=\"column\">\n\t\t\t<div class=\"elementor-widget-wrap elementor-element-populated\">\n\t\t\t\t\t\t<div class=\"elementor-element elementor-element-68f2210 elementor-widget elementor-widget-image\" data-id=\"68f2210\" data-element_type=\"widget\" data-widget_type=\"image.default\">\n\t\t\t\t<div class=\"elementor-widget-container\">\n\t\t\t\t\t\t\t\t\t\t\t\t\t\t\t<img fetchpriority=\"high\" decoding=\"async\" width=\"892\" height=\"810\" src=\"https:\/\/www.fisketorpet.fi\/wp-content\/uploads\/2025\/05\/hauki-1024x930.jpg\" class=\"attachment-large size-large wp-image-11311\" alt=\"\" srcset=\"https:\/\/www.fisketorpet.fi\/wp-content\/uploads\/2025\/05\/hauki-1024x930.jpg 1024w, https:\/\/www.fisketorpet.fi\/wp-content\/uploads\/2025\/05\/hauki-300x273.jpg 300w, https:\/\/www.fisketorpet.fi\/wp-content\/uploads\/2025\/05\/hauki-768x698.jpg 768w, https:\/\/www.fisketorpet.fi\/wp-content\/uploads\/2025\/05\/hauki-13x12.jpg 13w, https:\/\/www.fisketorpet.fi\/wp-content\/uploads\/2025\/05\/hauki-892x810.jpg 892w, https:\/\/www.fisketorpet.fi\/wp-content\/uploads\/2025\/05\/hauki.jpg 1280w\" sizes=\"(max-width: 892px) 100vw, 892px\" \/>\t\t\t\t\t\t\t\t\t\t\t\t\t\t\t<\/div>\n\t\t\t\t<\/div>\n\t\t\t\t\t<\/div>\n\t\t<\/div>\n\t\t\t\t<div class=\"elementor-column elementor-col-50 elementor-top-column elementor-element elementor-element-66ff9ba\" data-id=\"66ff9ba\" data-element_type=\"column\">\n\t\t\t<div class=\"elementor-widget-wrap elementor-element-populated\">\n\t\t\t\t\t\t<div class=\"elementor-element elementor-element-7a5c44b elementor-widget elementor-widget-text-editor\" data-id=\"7a5c44b\" data-element_type=\"widget\" data-widget_type=\"text-editor.default\">\n\t\t\t\t<div class=\"elementor-widget-container\">\n\t\t\t\t\t\t\t\t\t<p class=\"wb-stl-custom-9\">Meilt\u00e4 l\u00f6ytyy eritt\u00e4in hyv\u00e4t kalastusvedet.<\/p><p class=\"wb-stl-custom-9\">Toimitamme kalastusluvat ennakkoon jos tilaat ne samalla kuin m\u00f6kin varauksen.<\/p><p class=\"wb-stl-custom-9\">Meill\u00e4 on vuokrattavissa veneit\u00e4 ja niihin moottoreita.<\/p>\t\t\t\t\t\t\t\t<\/div>\n\t\t\t\t<\/div>\n\t\t\t\t\t<\/div>\n\t\t<\/div>\n\t\t\t\t\t<\/div>\n\t\t<\/section>\n\t\t\t\t<\/div>\n\t\t","protected":false},"excerpt":{"rendered":"<p>Meilt\u00e4 l\u00f6ytyy eritt\u00e4in hyv\u00e4t kalastusvedet. Toimitamme kalastusluvat ennakkoon jos tilaat ne samalla kuin m\u00f6kin varauksen. Meill\u00e4 on vuokrattavissa veneit\u00e4 ja niihin moottoreita.<\/p>\n","protected":false},"author":1,"featured_media":0,"parent":0,"menu_order":0,"comment_status":"closed","ping_status":"closed","template":"","meta":{"inline_featured_image":false,"footnotes":""},"class_list":["post-34","page","type-page","status-publish","hentry"],"_links":{"self":[{"href":"https:\/\/www.fisketorpet.fi\/fi\/wp-json\/wp\/v2\/pages\/34","targetHints":{"allow":["GET"]}}],"collection":[{"href":"https:\/\/www.fisketorpet.fi\/fi\/wp-json\/wp\/v2\/pages"}],"about":[{"href":"https:\/\/www.fisketorpet.fi\/fi\/wp-json\/wp\/v2\/types\/page"}],"author":[{"embeddable":true,"href":"https:\/\/www.fisketorpet.fi\/fi\/wp-json\/wp\/v2\/users\/1"}],"replies":[{"embeddable":true,"href":"https:\/\/www.fisketorpet.fi\/fi\/wp-json\/wp\/v2\/comments?post=34"}],"version-history":[{"count":13,"href":"https:\/\/www.fisketorpet.fi\/fi\/wp-json\/wp\/v2\/pages\/34\/revisions"}],"predecessor-version":[{"id":11314,"href":"https:\/\/www.fisketorpet.fi\/fi\/wp-json\/wp\/v2\/pages\/34\/revisions\/11314"}],"wp:attachment":[{"href":"https:\/\/www.fisketorpet.fi\/fi\/wp-json\/wp\/v2\/media?parent=34"}],"curies":[{"name":"wp","href":"https:\/\/api.w.org\/{rel}","templated":true}]}}